{"id":157,"date":"2024-06-23T18:28:01","date_gmt":"2024-06-23T16:28:01","guid":{"rendered":"https:\/\/www.pekip-nea.de\/wordpress\/?page_id=157"},"modified":"2026-03-17T22:27:06","modified_gmt":"2026-03-17T21:27:06","slug":"ueber-mich","status":"publish","type":"page","link":"https:\/\/www.pekip-nea.de\/wordpress\/welcome\/ueber-mich\/","title":{"rendered":"\u00dcber Mich"},"content":{"rendered":"\t\t<div data-elementor-type=\"wp-page\" data-elementor-id=\"157\" class=\"elementor elementor-157\" data-elementor-post-type=\"page\">\n\t\t\t\t<div class=\"elementor-element elementor-element-0bcc6e0 e-flex e-con-boxed e-con e-parent\" data-id=\"0bcc6e0\" data-element_type=\"container\" data-e-type=\"container\">\n\t\t\t\t\t<div class=\"e-con-inner\">\n\t\t\t\t<div class=\"elementor-element elementor-element-ac75b9d elementor-widget elementor-widget-spacer\" data-id=\"ac75b9d\" data-element_type=\"widget\" data-e-type=\"widget\" data-widget_type=\"spacer.default\">\n\t\t\t\t<div class=\"elementor-widget-container\">\n\t\t\t\t\t\t\t<div class=\"elementor-spacer\">\n\t\t\t<div class=\"elementor-spacer-inner\"><\/div>\n\t\t<\/div>\n\t\t\t\t\t\t<\/div>\n\t\t\t\t<\/div>\n\t\t\t\t\t<\/div>\n\t\t\t\t<\/div>\n\t\t<div class=\"elementor-element elementor-element-66207d1 e-flex e-con-boxed e-con e-parent\" data-id=\"66207d1\" data-element_type=\"container\" data-e-type=\"container\">\n\t\t\t\t\t<div class=\"e-con-inner\">\n\t\t<div class=\"elementor-element elementor-element-b9bd09d e-con-full e-flex e-con e-child\" data-id=\"b9bd09d\" data-element_type=\"container\" data-e-type=\"container\">\n\t\t\t\t<div class=\"elementor-element elementor-element-2fddae5 elementor-widget elementor-widget-image\" data-id=\"2fddae5\" data-element_type=\"widget\" data-e-type=\"widget\" data-widget_type=\"image.default\">\n\t\t\t\t<div class=\"elementor-widget-container\">\n\t\t\t\t\t\t\t\t\t\t\t\t\t\t\t<img fetchpriority=\"high\" decoding=\"async\" width=\"800\" height=\"600\" src=\"https:\/\/www.pekip-nea.de\/wordpress\/wp-content\/uploads\/2025\/02\/image-20250222-153903-049-1024x768.jpeg\" class=\"attachment-large size-large wp-image-397\" alt=\"\" srcset=\"https:\/\/www.pekip-nea.de\/wordpress\/wp-content\/uploads\/2025\/02\/image-20250222-153903-049-1024x768.jpeg 1024w, https:\/\/www.pekip-nea.de\/wordpress\/wp-content\/uploads\/2025\/02\/image-20250222-153903-049-300x225.jpeg 300w, https:\/\/www.pekip-nea.de\/wordpress\/wp-content\/uploads\/2025\/02\/image-20250222-153903-049-768x576.jpeg 768w, https:\/\/www.pekip-nea.de\/wordpress\/wp-content\/uploads\/2025\/02\/image-20250222-153903-049-1536x1152.jpeg 1536w, https:\/\/www.pekip-nea.de\/wordpress\/wp-content\/uploads\/2025\/02\/image-20250222-153903-049.jpeg 1600w\" sizes=\"(max-width: 800px) 100vw, 800px\" \/>\t\t\t\t\t\t\t\t\t\t\t\t\t\t\t<\/div>\n\t\t\t\t<\/div>\n\t\t\t\t<\/div>\n\t\t<div class=\"elementor-element elementor-element-cfb8921 e-con-full e-flex e-con e-child\" data-id=\"cfb8921\" data-element_type=\"container\" data-e-type=\"container\">\n\t\t<div class=\"elementor-element elementor-element-2b768e0 e-con-full e-flex e-con e-child\" data-id=\"2b768e0\" data-element_type=\"container\" data-e-type=\"container\">\n\t\t\t\t<div class=\"elementor-element elementor-element-d73543e elementor-widget elementor-widget-heading\" data-id=\"d73543e\" data-element_type=\"widget\" data-e-type=\"widget\" data-widget_type=\"heading.default\">\n\t\t\t\t<div class=\"elementor-widget-container\">\n\t\t\t\t\t<h1 class=\"elementor-heading-title elementor-size-default\">\u00dcber mich<\/h1>\t\t\t\t<\/div>\n\t\t\t\t<\/div>\n\t\t\t\t<\/div>\n\t\t<div class=\"elementor-element elementor-element-65f842e e-con-full e-flex e-con e-child\" data-id=\"65f842e\" data-element_type=\"container\" data-e-type=\"container\">\n\t\t\t\t<div class=\"elementor-element elementor-element-bb94384 elementor-widget elementor-widget-text-editor\" data-id=\"bb94384\" data-element_type=\"widget\" data-e-type=\"widget\" data-widget_type=\"text-editor.default\">\n\t\t\t\t<div class=\"elementor-widget-container\">\n\t\t\t\t\t\t\t\t\t<p>Hallo, ich hei\u00dfe Nadine Heckel, bin Sozialp\u00e4dagogin (B.A.) und Mama von zwei Kindern.<\/p><p>Ich freue mich, Dich und Dein Baby beim PEKiP zu begr\u00fc\u00dfen und beim Gro\u00dfwerden zu begleiten!<\/p>\t\t\t\t\t\t\t\t<\/div>\n\t\t\t\t<\/div>\n\t\t\t\t<\/div>\n\t\t\t\t<\/div>\n\t\t\t\t\t<\/div>\n\t\t\t\t<\/div>\n\t\t<div class=\"elementor-element elementor-element-9931185 e-flex e-con-boxed e-con e-parent\" data-id=\"9931185\" data-element_type=\"container\" data-e-type=\"container\">\n\t\t\t\t\t<div class=\"e-con-inner\">\n\t\t\t\t<div class=\"elementor-element elementor-element-9c29a9b elementor-widget elementor-widget-spacer\" data-id=\"9c29a9b\" data-element_type=\"widget\" data-e-type=\"widget\" data-widget_type=\"spacer.default\">\n\t\t\t\t<div class=\"elementor-widget-container\">\n\t\t\t\t\t\t\t<div class=\"elementor-spacer\">\n\t\t\t<div class=\"elementor-spacer-inner\"><\/div>\n\t\t<\/div>\n\t\t\t\t\t\t<\/div>\n\t\t\t\t<\/div>\n\t\t\t\t\t<\/div>\n\t\t\t\t<\/div>\n\t\t\t\t<\/div>\n\t\t","protected":false},"excerpt":{"rendered":"<p>\u00dcber mich Hallo, ich hei\u00dfe Nadine Heckel, bin Sozialp\u00e4dagogin (B.A.) und Mama von zwei Kindern. Ich freue mich, Dich und Dein Baby beim PEKiP zu begr\u00fc\u00dfen und beim Gro\u00dfwerden zu begleiten!<\/p>\n","protected":false},"author":1,"featured_media":0,"parent":138,"menu_order":0,"comment_status":"closed","ping_status":"closed","template":"","meta":{"footnotes":""},"class_list":["post-157","page","type-page","status-publish","hentry"],"_links":{"self":[{"href":"https:\/\/www.pekip-nea.de\/wordpress\/wp-json\/wp\/v2\/pages\/157","targetHints":{"allow":["GET"]}}],"collection":[{"href":"https:\/\/www.pekip-nea.de\/wordpress\/wp-json\/wp\/v2\/pages"}],"about":[{"href":"https:\/\/www.pekip-nea.de\/wordpress\/wp-json\/wp\/v2\/types\/page"}],"author":[{"embeddable":true,"href":"https:\/\/www.pekip-nea.de\/wordpress\/wp-json\/wp\/v2\/users\/1"}],"replies":[{"embeddable":true,"href":"https:\/\/www.pekip-nea.de\/wordpress\/wp-json\/wp\/v2\/comments?post=157"}],"version-history":[{"count":23,"href":"https:\/\/www.pekip-nea.de\/wordpress\/wp-json\/wp\/v2\/pages\/157\/revisions"}],"predecessor-version":[{"id":459,"href":"https:\/\/www.pekip-nea.de\/wordpress\/wp-json\/wp\/v2\/pages\/157\/revisions\/459"}],"up":[{"embeddable":true,"href":"https:\/\/www.pekip-nea.de\/wordpress\/wp-json\/wp\/v2\/pages\/138"}],"wp:attachment":[{"href":"https:\/\/www.pekip-nea.de\/wordpress\/wp-json\/wp\/v2\/media?parent=157"}],"curies":[{"name":"wp","href":"https:\/\/api.w.org\/{rel}","templated":true}]}}