{"id":168,"date":"2024-06-23T22:45:47","date_gmt":"2024-06-23T20:45:47","guid":{"rendered":"https:\/\/www.pekip-nea.de\/wordpress\/?page_id=168"},"modified":"2024-11-19T07:05:41","modified_gmt":"2024-11-19T06:05:41","slug":"wipekip","status":"publish","type":"page","link":"https:\/\/www.pekip-nea.de\/wordpress\/welcome\/wipekip\/","title":{"rendered":"Was ist PEKiP?"},"content":{"rendered":"\t\t<div data-elementor-type=\"wp-page\" data-elementor-id=\"168\" class=\"elementor elementor-168\" data-elementor-post-type=\"page\">\n\t\t\t\t<div class=\"elementor-element elementor-element-fa6a44b e-flex e-con-boxed e-con e-parent\" data-id=\"fa6a44b\" data-element_type=\"container\" data-e-type=\"container\">\n\t\t\t\t\t<div class=\"e-con-inner\">\n\t\t<div class=\"elementor-element elementor-element-815d3f8 e-con-full e-flex e-con e-child\" data-id=\"815d3f8\" data-element_type=\"container\" data-e-type=\"container\">\n\t\t\t\t<div class=\"elementor-element elementor-element-bfa7a46 elementor-widget elementor-widget-image\" data-id=\"bfa7a46\" data-element_type=\"widget\" data-e-type=\"widget\" data-widget_type=\"image.default\">\n\t\t\t\t<div class=\"elementor-widget-container\">\n\t\t\t\t\t\t\t\t\t\t\t\t\t\t\t<img fetchpriority=\"high\" decoding=\"async\" width=\"800\" height=\"876\" src=\"https:\/\/www.pekip-nea.de\/wordpress\/wp-content\/uploads\/2024\/06\/pekip_logo_2018_WEB.png\" class=\"attachment-large size-large wp-image-35\" alt=\"\" srcset=\"https:\/\/www.pekip-nea.de\/wordpress\/wp-content\/uploads\/2024\/06\/pekip_logo_2018_WEB.png 800w, https:\/\/www.pekip-nea.de\/wordpress\/wp-content\/uploads\/2024\/06\/pekip_logo_2018_WEB-274x300.png 274w, https:\/\/www.pekip-nea.de\/wordpress\/wp-content\/uploads\/2024\/06\/pekip_logo_2018_WEB-768x841.png 768w\" sizes=\"(max-width: 800px) 100vw, 800px\" \/>\t\t\t\t\t\t\t\t\t\t\t\t\t\t\t<\/div>\n\t\t\t\t<\/div>\n\t\t\t\t<\/div>\n\t\t<div class=\"elementor-element elementor-element-292b934 e-con-full e-flex e-con e-child\" data-id=\"292b934\" data-element_type=\"container\" data-e-type=\"container\">\n\t\t<div class=\"elementor-element elementor-element-396099e e-con-full e-flex e-con e-child\" data-id=\"396099e\" data-element_type=\"container\" data-e-type=\"container\">\n\t\t\t\t<div class=\"elementor-element elementor-element-389ee05 elementor-widget elementor-widget-heading\" data-id=\"389ee05\" data-element_type=\"widget\" data-e-type=\"widget\" data-widget_type=\"heading.default\">\n\t\t\t\t<div class=\"elementor-widget-container\">\n\t\t\t\t\t<h2 class=\"elementor-heading-title elementor-size-default\">Was ist PEKiP?<\/h2>\t\t\t\t<\/div>\n\t\t\t\t<\/div>\n\t\t\t\t<div class=\"elementor-element elementor-element-95f11ba elementor-widget elementor-widget-text-editor\" data-id=\"95f11ba\" data-element_type=\"widget\" data-e-type=\"widget\" data-widget_type=\"text-editor.default\">\n\t\t\t\t<div class=\"elementor-widget-container\">\n\t\t\t\t\t\t\t\t\t<p>Die Abk\u00fcrzung PEKiP steht f\u00fcr Prager-Eltern-Kind-Programm und ist ein Angebot f\u00fcr Eltern und ihre Babys, bei dem wir gemeinsam die Entwicklung w\u00e4hrend des ersten Lebensjahres begleiten. <br \/>Mama oder Papa kommen hierzu einmal w\u00f6chentlich mit ihrem Baby zu einem Gruppentreffen mit bis zu 7 anderen, m\u00f6glichst gleichaltrigen Kindern und deren Eltern zusammen. <br \/>Im Gegensatz zu vielen anderen Angeboten f\u00fcr Eltern und ihre Babys werden beim PEKiP Spiel- und Bewegungsm\u00f6glichkeiten vermittelt, die auf den Entwicklungsstand des jeweiligen Kindes abgestimmt sind. Au\u00dferdem sind die Babys komplett entkleidet (der Raum ist auf ca. 27\u00b0C aufgeheizt), da sie sich hierdurch ungehindert bewegen k\u00f6nnen.<\/p>\t\t\t\t\t\t\t\t<\/div>\n\t\t\t\t<\/div>\n\t\t\t\t<\/div>\n\t\t\t\t<\/div>\n\t\t\t\t\t<\/div>\n\t\t\t\t<\/div>\n\t\t<div class=\"elementor-element elementor-element-4b6b550 e-flex e-con-boxed e-con e-parent\" data-id=\"4b6b550\" data-element_type=\"container\" data-e-type=\"container\">\n\t\t\t\t\t<div class=\"e-con-inner\">\n\t\t<div class=\"elementor-element elementor-element-c7d605d e-con-full e-flex e-con e-child\" data-id=\"c7d605d\" data-element_type=\"container\" data-e-type=\"container\">\n\t\t<div class=\"elementor-element elementor-element-b63bf0c e-con-full e-flex e-con e-child\" data-id=\"b63bf0c\" data-element_type=\"container\" data-e-type=\"container\">\n\t\t\t\t<div class=\"elementor-element elementor-element-187d5b3 elementor-widget elementor-widget-heading\" data-id=\"187d5b3\" data-element_type=\"widget\" data-e-type=\"widget\" data-widget_type=\"heading.default\">\n\t\t\t\t<div class=\"elementor-widget-container\">\n\t\t\t\t\t<h2 class=\"elementor-heading-title elementor-size-default\">Welche Ziele werden beim PEKiP verfolgt?<\/h2>\t\t\t\t<\/div>\n\t\t\t\t<\/div>\n\t\t\t\t<div class=\"elementor-element elementor-element-cbc4ec8 elementor-widget elementor-widget-text-editor\" data-id=\"cbc4ec8\" data-element_type=\"widget\" data-e-type=\"widget\" data-widget_type=\"text-editor.default\">\n\t\t\t\t<div class=\"elementor-widget-container\">\n\t\t\t\t\t\t\t\t\t<p>\u2022 die Entwicklung des Kindes wahrnehmen und begleiten<br \/>\u2022 die Beziehung zwischen Eltern und Baby unterst\u00fctzen<br \/>\u2022 den Austausch der Eltern untereinander erm\u00f6glichen und f\u00f6rdern<br \/>\u2022 den Kontakt des Babys zu Gleichaltrigen anregen<\/p><p><br \/>An erster Stelle steht nat\u00fcrlich, dass Eltern und Kinder sich wohlf\u00fchlen, Spa\u00df haben und nach den eigenen Bed\u00fcrfnissen handeln!<\/p>\t\t\t\t\t\t\t\t<\/div>\n\t\t\t\t<\/div>\n\t\t\t\t<\/div>\n\t\t\t\t<\/div>\n\t\t<div class=\"elementor-element elementor-element-b8cedb2 e-con-full e-flex e-con e-child\" data-id=\"b8cedb2\" data-element_type=\"container\" data-e-type=\"container\">\n\t\t\t\t<div class=\"elementor-element elementor-element-ec9f3f4 elementor-widget elementor-widget-image\" data-id=\"ec9f3f4\" data-element_type=\"widget\" data-e-type=\"widget\" data-widget_type=\"image.default\">\n\t\t\t\t<div class=\"elementor-widget-container\">\n\t\t\t\t\t\t\t\t\t\t\t\t\t\t\t<img decoding=\"async\" width=\"800\" height=\"295\" src=\"https:\/\/www.pekip-nea.de\/wordpress\/wp-content\/uploads\/2024\/06\/110116_PEKIP_0422-1024x377.jpg\" class=\"attachment-large size-large wp-image-94\" alt=\"\" srcset=\"https:\/\/www.pekip-nea.de\/wordpress\/wp-content\/uploads\/2024\/06\/110116_PEKIP_0422-1024x377.jpg 1024w, https:\/\/www.pekip-nea.de\/wordpress\/wp-content\/uploads\/2024\/06\/110116_PEKIP_0422-300x111.jpg 300w, https:\/\/www.pekip-nea.de\/wordpress\/wp-content\/uploads\/2024\/06\/110116_PEKIP_0422-768x283.jpg 768w, https:\/\/www.pekip-nea.de\/wordpress\/wp-content\/uploads\/2024\/06\/110116_PEKIP_0422-1536x566.jpg 1536w, https:\/\/www.pekip-nea.de\/wordpress\/wp-content\/uploads\/2024\/06\/110116_PEKIP_0422-2048x755.jpg 2048w\" sizes=\"(max-width: 800px) 100vw, 800px\" \/>\t\t\t\t\t\t\t\t\t\t\t\t\t\t\t<\/div>\n\t\t\t\t<\/div>\n\t\t\t\t<\/div>\n\t\t\t\t\t<\/div>\n\t\t\t\t<\/div>\n\t\t\t\t<\/div>\n\t\t","protected":false},"excerpt":{"rendered":"<p>Was ist PEKiP? Die Abk\u00fcrzung PEKiP steht f\u00fcr Prager-Eltern-Kind-Programm und ist ein Angebot f\u00fcr Eltern und ihre Babys, bei dem wir gemeinsam die Entwicklung w\u00e4hrend des ersten Lebensjahres begleiten. Mama oder Papa kommen hierzu einmal w\u00f6chentlich mit ihrem Baby zu einem Gruppentreffen mit bis zu 7 anderen, m\u00f6glichst gleichaltrigen Kindern und deren Eltern zusammen. Im [&hellip;]<\/p>\n","protected":false},"author":1,"featured_media":0,"parent":138,"menu_order":0,"comment_status":"closed","ping_status":"closed","template":"","meta":{"footnotes":""},"class_list":["post-168","page","type-page","status-publish","hentry"],"_links":{"self":[{"href":"https:\/\/www.pekip-nea.de\/wordpress\/wp-json\/wp\/v2\/pages\/168","targetHints":{"allow":["GET"]}}],"collection":[{"href":"https:\/\/www.pekip-nea.de\/wordpress\/wp-json\/wp\/v2\/pages"}],"about":[{"href":"https:\/\/www.pekip-nea.de\/wordpress\/wp-json\/wp\/v2\/types\/page"}],"author":[{"embeddable":true,"href":"https:\/\/www.pekip-nea.de\/wordpress\/wp-json\/wp\/v2\/users\/1"}],"replies":[{"embeddable":true,"href":"https:\/\/www.pekip-nea.de\/wordpress\/wp-json\/wp\/v2\/comments?post=168"}],"version-history":[{"count":20,"href":"https:\/\/www.pekip-nea.de\/wordpress\/wp-json\/wp\/v2\/pages\/168\/revisions"}],"predecessor-version":[{"id":371,"href":"https:\/\/www.pekip-nea.de\/wordpress\/wp-json\/wp\/v2\/pages\/168\/revisions\/371"}],"up":[{"embeddable":true,"href":"https:\/\/www.pekip-nea.de\/wordpress\/wp-json\/wp\/v2\/pages\/138"}],"wp:attachment":[{"href":"https:\/\/www.pekip-nea.de\/wordpress\/wp-json\/wp\/v2\/media?parent=168"}],"curies":[{"name":"wp","href":"https:\/\/api.w.org\/{rel}","templated":true}]}}