{"id":198,"date":"2024-06-24T01:31:33","date_gmt":"2024-06-23T23:31:33","guid":{"rendered":"https:\/\/www.pekip-nea.de\/wordpress\/?page_id=198"},"modified":"2024-06-26T23:53:37","modified_gmt":"2024-06-26T21:53:37","slug":"datenschutz","status":"publish","type":"page","link":"https:\/\/www.pekip-nea.de\/wordpress\/welcome\/datenschutz\/","title":{"rendered":"Datenschutzerkl\u00e4rung"},"content":{"rendered":"\t\t<div data-elementor-type=\"wp-page\" data-elementor-id=\"198\" class=\"elementor elementor-198\" data-elementor-post-type=\"page\">\n\t\t\t\t<div class=\"elementor-element elementor-element-74d389c e-flex e-con-boxed e-con e-parent\" data-id=\"74d389c\" data-element_type=\"container\" data-e-type=\"container\">\n\t\t\t\t\t<div class=\"e-con-inner\">\n\t\t\t\t<div class=\"elementor-element elementor-element-7d508ee elementor-widget elementor-widget-heading\" data-id=\"7d508ee\" data-element_type=\"widget\" data-e-type=\"widget\" data-widget_type=\"heading.default\">\n\t\t\t\t<div class=\"elementor-widget-container\">\n\t\t\t\t\t<h2 class=\"elementor-heading-title elementor-size-default\">Datenschutzerkl\u00e4rung<\/h2>\t\t\t\t<\/div>\n\t\t\t\t<\/div>\n\t\t\t\t<div class=\"elementor-element elementor-element-5763c6a elementor-widget elementor-widget-text-editor\" data-id=\"5763c6a\" data-element_type=\"widget\" data-e-type=\"widget\" data-widget_type=\"text-editor.default\">\n\t\t\t\t<div class=\"elementor-widget-container\">\n\t\t\t\t\t\t\t\t\t<p>In dieser Datenschutzerkl\u00e4rung informieren wir Sie \u00fcber die Verarbeitung personenbezogener Daten bei der Nutzung dieser Website.<\/p><p><strong>Verantwortlicher<\/strong><\/p><p>Verantwortlich f\u00fcr die Datenverarbeitung ist:<br>Nadine Heckel, B.A.<br>Hirschneuses 45<br>90616 Neuhof an der Zenn<br><a href=\"mailto:admin@pekip-nea.de\">Mail<\/a><\/p><p><strong>Personenbezogene Daten<\/strong><\/p><p>Personenbezogene Daten sind alle Informationen, die sich auf eine identifizierte oder identifizierbare nat\u00fcrliche Person (betroffene Person) beziehen. Als identifizierbar wird eine nat\u00fcrliche Person angesehen, die direkt oder indirekt, insbesondere mittels Zuordnung zu einer Kennung wie einem Namen, zu einer Kennnummer, zu Standortdaten, zu einer Online-Kennung oder zu einem oder mehreren besonderen Merkmalen identifiziert werden kann, die Ausdruck der physischen, physiologischen, genetischen, psychischen, wirtschaftlichen, kulturellen oder sozialen Identit\u00e4t dieser nat\u00fcrlichen Person sind.<\/p><p><strong>Daten beim Websiteaufruf<\/strong><\/p><p>Wenn Sie diese Website nur nutzen, um sich zu informieren und keine Daten angeben, dann verarbeiten wir nur die Daten, die zur Anzeige der Website auf dem von Ihnen verwendeten internetf\u00e4higen Ger\u00e4t erforderlich sind. Das sind insbesondere:<\/p><ul><li>IP-Adresse<\/li><li>Datum und Uhrzeit der Anfrage<\/li><li>jeweils \u00fcbertragene Datenmenge<\/li><li>die Website, von der die Anforderung kommt<\/li><li>Browsertyp und Browserversion<\/li><li>Betriebssystem<\/li><\/ul><p>Rechtsgrundlage f\u00fcr die Verarbeitung dieser Daten sind berechtigte Interessen gem\u00e4\u00df Art. 6 Abs. 1 lit. f) DSGVO, um die Darstellung der Website grunds\u00e4tzlich zu erm\u00f6glichen.<\/p><p>Dar\u00fcber hinaus k\u00f6nnen Sie verschiedene Leistungen auf der Website nutzen, bei der weitere personenbezogene und nicht personenbezogene Daten verarbeitet werden.<\/p><p><strong>Ihre Rechte<\/strong><\/p><p>Als betroffene Person haben Sie folgende Rechte:<\/p><ul><li>Sie haben ein Auskunftsrecht bez\u00fcglich der Sie betreffenden personenbezogenen Daten, die der Verantwortliche verarbeitet (Art. 15 DSGVO),<\/li><li>Sie haben das Recht auf Berichtigung der Sie betreffenden Daten, wenn diese unrichtig oder unvollst\u00e4ndig gespeichert werden (Art. 16 DSGVO),<\/li><li>Sie haben das Recht auf L\u00f6schung (Art. 17 DSGVO),<\/li><li>Sie haben das Recht, die Einschr\u00e4nkung der Verarbeitung Ihrer personenbezogenen Daten zu verlangen (Art. 18 DSGVO),<\/li><li>Sie haben das Recht auf Daten\u00fcbertragbarkeit (Art. 20 DSGVO),<\/li><li>Sie haben ein Widerspruchsrecht gegen die Verarbeitung der Sie betreffenden personenbezogenen Daten (Art. 21 DSGVO),<\/li><li>Sie haben das Recht, nicht einer ausschlie\u00dflich auf einer automatisierten Verarbeitung \u2013 einschlie\u00dflich Profiling \u2013 beruhenden Entscheidung unterworfen zu werden, die Ihnen gegen\u00fcber rechtliche Wirkung entfaltet oder Sie in \u00e4hnlicher Weise erheblich beeintr\u00e4chtigt (Art. 22 DSGVO),<\/li><li>Sie haben das Recht, sich bei einem vermuteten Versto\u00df gegen das Datenschutzrecht bei der zust\u00e4ndigen Aufsichtsbeh\u00f6rde zu beschweren (Art. 77 DSGVO). Zust\u00e4ndig ist die Aufsichtsbeh\u00f6rde an Ihrem \u00fcblichen Aufenthaltsort, Arbeitsplatz oder am Ort des vermuteten Versto\u00dfes.<\/li><\/ul>\n<p><strong>Einsatz von Cookies&nbsp;<\/strong><\/p>\n<p>Beim Besuch der Website k\u00f6nnen Cookies auf Ihrem Ger\u00e4t gespeichert werden. Cookies sind kleine Textdateien, die von dem von Ihnen verwendeten Browser gespeichert werden. Cookies k\u00f6nnen keine Programme ausf\u00fchren und auch keine Viren auf Ihr Ger\u00e4t \u00fcbertragen. Die Stelle, die den Cookie setzt, kann dar\u00fcber jedoch bestimmte Informationen erhalten. So kann mithilfe von Cookies insbesondere das Ger\u00e4t, mit dem diese Website aufgerufen wurde, bei einem erneuten Aufruf erkannt werden.<\/p><p>Durch die Browsereinstellungen l\u00e4sst sich das Setzen von Cookies einschr\u00e4nken oder verhindern. So kann z. B. nur die Annahme von Cookies, die von Drittanbietern stammen, blockiert werden oder aber auch die Annahme von allen Cookies. Durch das Blockieren sind jedoch m\u00f6glicherweise nicht mehr alle Funktionen dieser Website nutzbar.<\/p>\t\t\t\t\t\t\t\t<\/div>\n\t\t\t\t<\/div>\n\t\t\t\t\t<\/div>\n\t\t\t\t<\/div>\n\t\t\t\t<\/div>\n\t\t","protected":false},"excerpt":{"rendered":"<p>Datenschutzerkl\u00e4rung In dieser Datenschutzerkl\u00e4rung informieren wir Sie \u00fcber die Verarbeitung personenbezogener Daten bei der Nutzung dieser Website. Verantwortlicher Verantwortlich f\u00fcr die Datenverarbeitung ist:Nadine Heckel, B.A.Hirschneuses 4590616 Neuhof an der ZennMail Personenbezogene Daten Personenbezogene Daten sind alle Informationen, die sich auf eine identifizierte oder identifizierbare nat\u00fcrliche Person (betroffene Person) beziehen. Als identifizierbar wird eine nat\u00fcrliche Person [&hellip;]<\/p>\n","protected":false},"author":1,"featured_media":0,"parent":138,"menu_order":0,"comment_status":"closed","ping_status":"closed","template":"","meta":{"footnotes":""},"class_list":["post-198","page","type-page","status-publish","hentry"],"_links":{"self":[{"href":"https:\/\/www.pekip-nea.de\/wordpress\/wp-json\/wp\/v2\/pages\/198","targetHints":{"allow":["GET"]}}],"collection":[{"href":"https:\/\/www.pekip-nea.de\/wordpress\/wp-json\/wp\/v2\/pages"}],"about":[{"href":"https:\/\/www.pekip-nea.de\/wordpress\/wp-json\/wp\/v2\/types\/page"}],"author":[{"embeddable":true,"href":"https:\/\/www.pekip-nea.de\/wordpress\/wp-json\/wp\/v2\/users\/1"}],"replies":[{"embeddable":true,"href":"https:\/\/www.pekip-nea.de\/wordpress\/wp-json\/wp\/v2\/comments?post=198"}],"version-history":[{"count":11,"href":"https:\/\/www.pekip-nea.de\/wordpress\/wp-json\/wp\/v2\/pages\/198\/revisions"}],"predecessor-version":[{"id":209,"href":"https:\/\/www.pekip-nea.de\/wordpress\/wp-json\/wp\/v2\/pages\/198\/revisions\/209"}],"up":[{"embeddable":true,"href":"https:\/\/www.pekip-nea.de\/wordpress\/wp-json\/wp\/v2\/pages\/138"}],"wp:attachment":[{"href":"https:\/\/www.pekip-nea.de\/wordpress\/wp-json\/wp\/v2\/media?parent=198"}],"curies":[{"name":"wp","href":"https:\/\/api.w.org\/{rel}","templated":true}]}}